{"id":74,"date":"2023-12-06T13:05:20","date_gmt":"2023-12-06T12:05:20","guid":{"rendered":"https:\/\/www.sterkproduction.com\/?page_id=74"},"modified":"2023-12-06T13:38:43","modified_gmt":"2023-12-06T12:38:43","slug":"film-tv","status":"publish","type":"page","link":"https:\/\/www.sterkproduction.com\/?page_id=74","title":{"rendered":"Film &#038; TV"},"content":{"rendered":"\n<div class=\"wp-block-columns is-layout-flex wp-container-core-columns-layout-1 wp-block-columns-is-layout-flex\">\n<div class=\"wp-block-column is-layout-flow wp-block-column-is-layout-flow\" style=\"flex-basis:100%\">\n<figure class=\"wp-block-image size-large is-resized\"><img loading=\"lazy\" decoding=\"async\" width=\"1024\" height=\"577\" src=\"https:\/\/www.sterkproduction.com\/wp-content\/uploads\/2023\/12\/Namnlos-design-3-1024x577.jpg\" alt=\"\" class=\"wp-image-78\" style=\"width:1167px;height:auto\" srcset=\"https:\/\/www.sterkproduction.com\/wp-content\/uploads\/2023\/12\/Namnlos-design-3-1024x577.jpg 1024w, https:\/\/www.sterkproduction.com\/wp-content\/uploads\/2023\/12\/Namnlos-design-3-300x169.jpg 300w, https:\/\/www.sterkproduction.com\/wp-content\/uploads\/2023\/12\/Namnlos-design-3-768x433.jpg 768w, https:\/\/www.sterkproduction.com\/wp-content\/uploads\/2023\/12\/Namnlos-design-3-1536x865.jpg 1536w, https:\/\/www.sterkproduction.com\/wp-content\/uploads\/2023\/12\/Namnlos-design-3.jpg 1640w\" sizes=\"(max-width: 1024px) 100vw, 1024px\" \/><\/figure>\n<\/div>\n<\/div>\n\n\n\n<p><strong>Hamida &#8211; en afghansk filmstj\u00e4rna fr\u00e5n Alings\u00e5s<\/strong><\/p>\n\n\n\n<p>Dokument\u00e4r om den afghanska sk\u00e5despelaren Hamida Abdullah, den f\u00f6rsta kvinnliga komikern i afghansk tv och om\u00e5ttligt popul\u00e4r f\u00f6r rollen som Shirin Gul. P\u00e5 90-talet tvingades hon fly n\u00e4r talibanerna intog Kabul. Nu bor Hamida Abdullah med sin papegoja i Alings\u00e5s och dr\u00f6mmer om att f\u00e5 g\u00f6ra en roll i sitt nya hemland Sverige. M\u00f6t Hamida i ett portr\u00e4tt av <strong>Nisti St\u00eark<\/strong> d\u00e4r Sverige och Afghanistan f\u00f6rs samman och vi p\u00e5minns om att aldrig sluta dr\u00f6mma. Svensk dokument\u00e4rfilm fr\u00e5n 2023. Se filmen <a href=\"https:\/\/www.svtplay.se\/video\/KVk6Wba\/hamida-en-afghansk-filmstjarna-fran-alingsas\">h\u00e4r<\/a><\/p>\n\n\n\n<figure class=\"wp-block-image size-large is-resized\"><img loading=\"lazy\" decoding=\"async\" width=\"1024\" height=\"576\" src=\"https:\/\/www.sterkproduction.com\/wp-content\/uploads\/2023\/12\/f111d752-2407-4222-acbf-246d739cde1f-1-1024x576.jpg\" alt=\"\" class=\"wp-image-75\" style=\"width:1170px;height:auto\" srcset=\"https:\/\/www.sterkproduction.com\/wp-content\/uploads\/2023\/12\/f111d752-2407-4222-acbf-246d739cde1f-1-1024x576.jpg 1024w, https:\/\/www.sterkproduction.com\/wp-content\/uploads\/2023\/12\/f111d752-2407-4222-acbf-246d739cde1f-1-300x169.jpg 300w, https:\/\/www.sterkproduction.com\/wp-content\/uploads\/2023\/12\/f111d752-2407-4222-acbf-246d739cde1f-1-768x432.jpg 768w, https:\/\/www.sterkproduction.com\/wp-content\/uploads\/2023\/12\/f111d752-2407-4222-acbf-246d739cde1f-1-1536x864.jpg 1536w, https:\/\/www.sterkproduction.com\/wp-content\/uploads\/2023\/12\/f111d752-2407-4222-acbf-246d739cde1f-1.jpg 1920w\" sizes=\"(max-width: 1024px) 100vw, 1024px\" \/><\/figure>\n\n\n\n<p><strong>Who the fuck is Bobby?<\/strong><\/p>\n\n\n\n<p>I hans stol landar l\u00f6pande en rad av artister, politiker, idrottsstj\u00e4rnor och programledare. Idag \u00e4r Bobby Oduncu en av Sveriges mest eftertraktade fris\u00f6rer, men bakom framg\u00e5ngen d\u00f6ljer sig ocks\u00e5 sorgen och en ovanligt tragisk historia. Uppvuxen i S\u00f6dert\u00e4lje i en syriansk familj med en djupt troende kristenortodox pappa satte Bobby l\u00e4nge upp en falsk fasad, trots att hans kropp och sj\u00e4l l\u00e4ngtade efter k\u00e4rlek och ber\u00f6ring. N\u00e4r han till sist kom ut som gay ville hans pappa inte acceptera det. Det h\u00e4r \u00e4r en film om r\u00e4tten att f\u00e5 \u00e4lska vem man vill, men det \u00e4r ocks\u00e5 en film om att ta sig upp efter att man f\u00f6rlorat n\u00e5gon man \u00e4lskar. I filmen f\u00e5r vi f\u00f6lja med Bobby i h\u00e5rstudion tillsammans med t.ex. Carola, Carolina Gynning och Roy Fares, men vi f\u00e5r ocks\u00e5 f\u00f6lja med till f\u00f6r\u00e4ldrahemmet och m\u00f6tet med hans familj. <\/p>\n\n\n\n<p>&#8221;Who the fuck is Bobby?&#8221; uts\u00e5gs till \u00e5rets film p\u00e5 QX gaygala 2022. En dokument\u00e4rfilm av <strong>Nisti St\u00eark.<\/strong> Se filmen <a href=\"https:\/\/www.svtplay.se\/video\/KrJBMDD\/who-the-fuck-is-bobby\">h\u00e4r<\/a><\/p>\n\n\n\n<figure class=\"wp-block-image size-large is-resized\"><img loading=\"lazy\" decoding=\"async\" width=\"1024\" height=\"577\" src=\"https:\/\/www.sterkproduction.com\/wp-content\/uploads\/2023\/12\/2-1024x577.jpg\" alt=\"\" class=\"wp-image-83\" style=\"width:1170px;height:auto\" srcset=\"https:\/\/www.sterkproduction.com\/wp-content\/uploads\/2023\/12\/2-1024x577.jpg 1024w, https:\/\/www.sterkproduction.com\/wp-content\/uploads\/2023\/12\/2-300x169.jpg 300w, https:\/\/www.sterkproduction.com\/wp-content\/uploads\/2023\/12\/2-768x433.jpg 768w, https:\/\/www.sterkproduction.com\/wp-content\/uploads\/2023\/12\/2-1536x865.jpg 1536w, https:\/\/www.sterkproduction.com\/wp-content\/uploads\/2023\/12\/2.jpg 1640w\" sizes=\"(max-width: 1024px) 100vw, 1024px\" \/><\/figure>\n\n\n\n<p><strong><em>Arvet efter Fadime<\/em>\u00a0&#8211; om hedersproblematiken i Sverige\u00a0<\/strong><\/p>\n\n\n\n<p>Den 21 januari 2002 skjuts Fadime Sahindal till d\u00f6ds av sin egen far. Fadime har blivit en symbol f\u00f6r kampen mot hedersv\u00e5ld och f\u00f6rtryck i Sverige. <br>Nu har det g\u00e5tt 20 \u00e5r sedan Fadime m\u00f6rdades och samh\u00e4llet tycks fortfarande ha sv\u00e5rt att f\u00f6rst\u00e5. Fr\u00e5gorna kring hedersv\u00e5ld forts\u00e4tter att vara kontroversiella och komplexa. Vi m\u00f6ter m\u00e4nniskor som \u00e4r djupt insatta i och har egen erfarenhet av hedersproblematik. Vad har vi l\u00e4rt oss de senaste 20 \u00e5ren? Har samh\u00e4llet b\u00f6rjat lyssna p\u00e5 dem som uts\u00e4tts f\u00f6r hedersv\u00e5ld, eller v\u00e4nder vi dem ryggen? Och hur ser arvet efter Fadime ut? L\u00e4s mer <a href=\"https:\/\/www.svtplay.se\/video\/jQ76RWk\/arvet-efter-fadime-om-hedersproblematiken-i-sverige\">h\u00e4r.<\/a><\/p>\n\n\n\n<div class=\"wp-block-cover\"><span aria-hidden=\"true\" class=\"wp-block-cover__background has-background-dim\"><\/span><img loading=\"lazy\" decoding=\"async\" width=\"1024\" height=\"577\" class=\"wp-block-cover__image-background wp-image-84\" alt=\"\" src=\"https:\/\/www.sterkproduction.com\/wp-content\/uploads\/2023\/12\/3-1024x577.jpg\" data-object-fit=\"cover\" srcset=\"https:\/\/www.sterkproduction.com\/wp-content\/uploads\/2023\/12\/3-1024x577.jpg 1024w, https:\/\/www.sterkproduction.com\/wp-content\/uploads\/2023\/12\/3-300x169.jpg 300w, https:\/\/www.sterkproduction.com\/wp-content\/uploads\/2023\/12\/3-768x433.jpg 768w, https:\/\/www.sterkproduction.com\/wp-content\/uploads\/2023\/12\/3-1536x865.jpg 1536w, https:\/\/www.sterkproduction.com\/wp-content\/uploads\/2023\/12\/3.jpg 1640w\" sizes=\"(max-width: 1024px) 100vw, 1024px\" \/><div class=\"wp-block-cover__inner-container is-layout-flow wp-block-cover-is-layout-flow\">\n<p class=\"has-text-align-center has-large-font-size\"><\/p>\n<\/div><\/div>\n\n\n\n<p><strong>Blott Sverige svenska komedienner har -resa genom Sveriges kvinnliga komikers historia <\/strong><\/p>\n\n\n\n<p><br>En film av <strong>Nisti St\u00eark <\/strong><br>F\u00f6lj med komikern Nisti St\u00eark p\u00e5 en resa genom den svenska komediennens historia, hela v\u00e4gen fram till idag. Fr\u00e5n Julia C\u00e6sar till Clara Henry, fr\u00e5n Hj\u00f6rdis Pettersson till Gina Dirawi. Vilka tematiska gr\u00e4nser har spr\u00e4ngts under \u00e5rens lopp? Vilket sceniskt och medialt utrymme har kvinnorna haft och har? P\u00e5 scen, inom stand-up, p\u00e5 film och tv? \u00c4r man tvungen att vara vulg\u00e4r och sv\u00e4ra som en man idag? Kunde kvinnor sk\u00e4mta om samma saker som m\u00e4n, och hur \u00e4r det idag? Vilka f\u00f6rebilder har dagens komedienner lutat sig mot f\u00f6r att v\u00e5ga ta klivet att st\u00e4lla sig p\u00e5 en scen f\u00f6r att f\u00e5 folk att skratta? Tillsammans med n\u00e5gra av Sveriges fr\u00e4msta komedienner v\u00e4nder och vrider Nisti St\u00eark p\u00e5 fr\u00e5gorna om hur det var f\u00f6rr och resan fram till idag och fr\u00e5gar sig vilken riktning den svenska humorscenen tar sig i framtiden. Genom Nistis v\u00e4rme och nyfikenhet l\u00e4r vi k\u00e4nna b\u00e5de d\u00e5tidens och dagens stora komedistj\u00e4rnor. Tillsammans skrattar vi \u00e5t gamla sk\u00e4mt och v\u00e4lbekanta ansikten. <br><br><strong>Medverkande<\/strong>: Eva Rydberg, Birgitta Rydberg , Meg Westergren, Sissela Kyle, LIll Lindfors, Pia Johansson, Gina Dirawi, Anna Blomberg, Maria Lundqvist, Moa Svan, Ann Westin, Klara Zimmergren, Bianca &amp; Tiffany Kronl\u00f6f, Shanti Rydwall-Menon Pernilla Hammargren, Therese Sandin , Hanna Dorsin, Emma Molin, Clara Henry, Zinat Pirzadeh, Annika Lantz, Sissela Benn, Yvonne Skattberg, Ami Hallberg-Pauli, Sara Young, Lill-Marit Bugge &amp; Anna-Lena Brundin Filmen \u00e4r producerad av St\u00eark Production f\u00f6r i SVT K Special och s\u00e4ndes den 8 mars 2019.<\/p>\n","protected":false},"excerpt":{"rendered":"<p>Hamida &#8211; en afghansk filmstj\u00e4rna fr\u00e5n Alings\u00e5s Dokument\u00e4r om den afghanska sk\u00e5despelaren Hamida Abdullah, den f\u00f6rsta kvinnliga komikern i afghansk tv och om\u00e5ttligt popul\u00e4r f\u00f6r rollen som Shirin Gul. P\u00e5 90-talet tvingades hon fly n\u00e4r talibanerna intog Kabul. Nu bor Hamida Abdullah med sin papegoja i Alings\u00e5s och dr\u00f6mmer om att f\u00e5 g\u00f6ra en roll [&hellip;]<\/p>\n","protected":false},"author":1,"featured_media":0,"parent":0,"menu_order":0,"comment_status":"closed","ping_status":"closed","template":"","meta":{"_monsterinsights_skip_tracking":false,"_monsterinsights_sitenote_active":false,"_monsterinsights_sitenote_note":"","_monsterinsights_sitenote_category":0,"footnotes":""},"yoast_head":"<!-- This site is optimized with the Yoast SEO plugin v21.6 - https:\/\/yoast.com\/wordpress\/plugins\/seo\/ -->\n<title>Film &amp; TV -<\/title>\n<meta name=\"robots\" content=\"index, follow, max-snippet:-1, max-image-preview:large, max-video-preview:-1\" \/>\n<link rel=\"canonical\" href=\"https:\/\/www.sterkproduction.com\/?page_id=74\" \/>\n<meta property=\"og:locale\" content=\"sv_SE\" \/>\n<meta property=\"og:type\" content=\"article\" \/>\n<meta property=\"og:title\" content=\"Film &amp; TV -\" \/>\n<meta property=\"og:description\" content=\"Hamida &#8211; en afghansk filmstj\u00e4rna fr\u00e5n Alings\u00e5s Dokument\u00e4r om den afghanska sk\u00e5despelaren Hamida Abdullah, den f\u00f6rsta kvinnliga komikern i afghansk tv och om\u00e5ttligt popul\u00e4r f\u00f6r rollen som Shirin Gul. P\u00e5 90-talet tvingades hon fly n\u00e4r talibanerna intog Kabul. Nu bor Hamida Abdullah med sin papegoja i Alings\u00e5s och dr\u00f6mmer om att f\u00e5 g\u00f6ra en roll [&hellip;]\" \/>\n<meta property=\"og:url\" content=\"https:\/\/www.sterkproduction.com\/?page_id=74\" \/>\n<meta property=\"article:modified_time\" content=\"2023-12-06T12:38:43+00:00\" \/>\n<meta property=\"og:image\" content=\"https:\/\/www.sterkproduction.com\/wp-content\/uploads\/2023\/12\/Namnlos-design-3-1024x577.jpg\" \/>\n<meta name=\"twitter:card\" content=\"summary_large_image\" \/>\n<meta name=\"twitter:label1\" content=\"Ber\u00e4knad l\u00e4stid\" \/>\n\t<meta name=\"twitter:data1\" content=\"4 minuter\" \/>\n<script type=\"application\/ld+json\" class=\"yoast-schema-graph\">{\"@context\":\"https:\/\/schema.org\",\"@graph\":[{\"@type\":\"WebPage\",\"@id\":\"https:\/\/www.sterkproduction.com\/?page_id=74\",\"url\":\"https:\/\/www.sterkproduction.com\/?page_id=74\",\"name\":\"Film & TV -\",\"isPartOf\":{\"@id\":\"https:\/\/www.sterkproduction.com\/#website\"},\"datePublished\":\"2023-12-06T12:05:20+00:00\",\"dateModified\":\"2023-12-06T12:38:43+00:00\",\"breadcrumb\":{\"@id\":\"https:\/\/www.sterkproduction.com\/?page_id=74#breadcrumb\"},\"inLanguage\":\"sv-SE\",\"potentialAction\":[{\"@type\":\"ReadAction\",\"target\":[\"https:\/\/www.sterkproduction.com\/?page_id=74\"]}]},{\"@type\":\"BreadcrumbList\",\"@id\":\"https:\/\/www.sterkproduction.com\/?page_id=74#breadcrumb\",\"itemListElement\":[{\"@type\":\"ListItem\",\"position\":1,\"name\":\"Home\",\"item\":\"https:\/\/www.sterkproduction.com\/\"},{\"@type\":\"ListItem\",\"position\":2,\"name\":\"Film &#038; TV\"}]},{\"@type\":\"WebSite\",\"@id\":\"https:\/\/www.sterkproduction.com\/#website\",\"url\":\"https:\/\/www.sterkproduction.com\/\",\"name\":\"\",\"description\":\"St\u00eark production - Ett produktionsbolag med hj\u00e4rta\",\"potentialAction\":[{\"@type\":\"SearchAction\",\"target\":{\"@type\":\"EntryPoint\",\"urlTemplate\":\"https:\/\/www.sterkproduction.com\/?s={search_term_string}\"},\"query-input\":\"required name=search_term_string\"}],\"inLanguage\":\"sv-SE\"}]}<\/script>\n<!-- \/ Yoast SEO plugin. -->","yoast_head_json":{"title":"Film & TV -","robots":{"index":"index","follow":"follow","max-snippet":"max-snippet:-1","max-image-preview":"max-image-preview:large","max-video-preview":"max-video-preview:-1"},"canonical":"https:\/\/www.sterkproduction.com\/?page_id=74","og_locale":"sv_SE","og_type":"article","og_title":"Film & TV -","og_description":"Hamida &#8211; en afghansk filmstj\u00e4rna fr\u00e5n Alings\u00e5s Dokument\u00e4r om den afghanska sk\u00e5despelaren Hamida Abdullah, den f\u00f6rsta kvinnliga komikern i afghansk tv och om\u00e5ttligt popul\u00e4r f\u00f6r rollen som Shirin Gul. P\u00e5 90-talet tvingades hon fly n\u00e4r talibanerna intog Kabul. Nu bor Hamida Abdullah med sin papegoja i Alings\u00e5s och dr\u00f6mmer om att f\u00e5 g\u00f6ra en roll [&hellip;]","og_url":"https:\/\/www.sterkproduction.com\/?page_id=74","article_modified_time":"2023-12-06T12:38:43+00:00","og_image":[{"url":"https:\/\/www.sterkproduction.com\/wp-content\/uploads\/2023\/12\/Namnlos-design-3-1024x577.jpg"}],"twitter_card":"summary_large_image","twitter_misc":{"Ber\u00e4knad l\u00e4stid":"4 minuter"},"schema":{"@context":"https:\/\/schema.org","@graph":[{"@type":"WebPage","@id":"https:\/\/www.sterkproduction.com\/?page_id=74","url":"https:\/\/www.sterkproduction.com\/?page_id=74","name":"Film & TV -","isPartOf":{"@id":"https:\/\/www.sterkproduction.com\/#website"},"datePublished":"2023-12-06T12:05:20+00:00","dateModified":"2023-12-06T12:38:43+00:00","breadcrumb":{"@id":"https:\/\/www.sterkproduction.com\/?page_id=74#breadcrumb"},"inLanguage":"sv-SE","potentialAction":[{"@type":"ReadAction","target":["https:\/\/www.sterkproduction.com\/?page_id=74"]}]},{"@type":"BreadcrumbList","@id":"https:\/\/www.sterkproduction.com\/?page_id=74#breadcrumb","itemListElement":[{"@type":"ListItem","position":1,"name":"Home","item":"https:\/\/www.sterkproduction.com\/"},{"@type":"ListItem","position":2,"name":"Film &#038; TV"}]},{"@type":"WebSite","@id":"https:\/\/www.sterkproduction.com\/#website","url":"https:\/\/www.sterkproduction.com\/","name":"","description":"St\u00eark production - Ett produktionsbolag med hj\u00e4rta","potentialAction":[{"@type":"SearchAction","target":{"@type":"EntryPoint","urlTemplate":"https:\/\/www.sterkproduction.com\/?s={search_term_string}"},"query-input":"required name=search_term_string"}],"inLanguage":"sv-SE"}]}},"_links":{"self":[{"href":"https:\/\/www.sterkproduction.com\/index.php?rest_route=\/wp\/v2\/pages\/74"}],"collection":[{"href":"https:\/\/www.sterkproduction.com\/index.php?rest_route=\/wp\/v2\/pages"}],"about":[{"href":"https:\/\/www.sterkproduction.com\/index.php?rest_route=\/wp\/v2\/types\/page"}],"author":[{"embeddable":true,"href":"https:\/\/www.sterkproduction.com\/index.php?rest_route=\/wp\/v2\/users\/1"}],"replies":[{"embeddable":true,"href":"https:\/\/www.sterkproduction.com\/index.php?rest_route=%2Fwp%2Fv2%2Fcomments&post=74"}],"version-history":[{"count":6,"href":"https:\/\/www.sterkproduction.com\/index.php?rest_route=\/wp\/v2\/pages\/74\/revisions"}],"predecessor-version":[{"id":98,"href":"https:\/\/www.sterkproduction.com\/index.php?rest_route=\/wp\/v2\/pages\/74\/revisions\/98"}],"wp:attachment":[{"href":"https:\/\/www.sterkproduction.com\/index.php?rest_route=%2Fwp%2Fv2%2Fmedia&parent=74"}],"curies":[{"name":"wp","href":"https:\/\/api.w.org\/{rel}","templated":true}]}}