{"id":2,"date":"2023-12-01T13:15:51","date_gmt":"2023-12-01T12:15:51","guid":{"rendered":"https:\/\/www.sterkproduction.com\/?page_id=2"},"modified":"2023-12-06T14:54:25","modified_gmt":"2023-12-06T13:54:25","slug":"exempelsida","status":"publish","type":"page","link":"https:\/\/www.sterkproduction.com\/?page_id=2","title":{"rendered":"OM"},"content":{"rendered":"\n<p>St\u00eark Production \u2013 ett produktionsbolag med hj\u00e4rta<\/p>\n\n\n\n<p>St\u00eark Production producerar nyskapande och underh\u00e5llande scenkonst, film och TV. Verksamheten innefattar ocks\u00e5 bok- och manusproduktion som ofta speglar hur Sverige ser ut idag. Bolaget grundades 2004 av sk\u00e5despelerskan och producenten Nisti St\u00eark.<\/p>\n\n\n\n<figure class=\"wp-block-image size-large is-resized\"><img loading=\"lazy\" decoding=\"async\" width=\"1024\" height=\"577\" src=\"https:\/\/www.sterkproduction.com\/wp-content\/uploads\/2023\/12\/jpg-1024x577.png\" alt=\"\" class=\"wp-image-138\" style=\"width:1170px;height:auto\" srcset=\"https:\/\/www.sterkproduction.com\/wp-content\/uploads\/2023\/12\/jpg-1024x577.png 1024w, https:\/\/www.sterkproduction.com\/wp-content\/uploads\/2023\/12\/jpg-300x169.png 300w, https:\/\/www.sterkproduction.com\/wp-content\/uploads\/2023\/12\/jpg-768x433.png 768w, https:\/\/www.sterkproduction.com\/wp-content\/uploads\/2023\/12\/jpg-1536x865.png 1536w, https:\/\/www.sterkproduction.com\/wp-content\/uploads\/2023\/12\/jpg.png 1640w\" sizes=\"(max-width: 1024px) 100vw, 1024px\" \/><\/figure>\n","protected":false},"excerpt":{"rendered":"<p>St\u00eark Production \u2013 ett produktionsbolag med hj\u00e4rta St\u00eark Production producerar nyskapande och underh\u00e5llande scenkonst, film och TV. Verksamheten innefattar ocks\u00e5 bok- och manusproduktion som ofta speglar hur Sverige ser ut idag. Bolaget grundades 2004 av sk\u00e5despelerskan och producenten Nisti St\u00eark.<\/p>\n","protected":false},"author":1,"featured_media":0,"parent":0,"menu_order":0,"comment_status":"closed","ping_status":"open","template":"","meta":{"_monsterinsights_skip_tracking":false,"_monsterinsights_sitenote_active":false,"_monsterinsights_sitenote_note":"","_monsterinsights_sitenote_category":0,"footnotes":""},"yoast_head":"<!-- This site is optimized with the Yoast SEO plugin v21.6 - https:\/\/yoast.com\/wordpress\/plugins\/seo\/ -->\n<title>OM -<\/title>\n<meta name=\"robots\" content=\"index, follow, max-snippet:-1, max-image-preview:large, max-video-preview:-1\" \/>\n<link rel=\"canonical\" href=\"https:\/\/www.sterkproduction.com\/?page_id=2\" \/>\n<meta property=\"og:locale\" content=\"sv_SE\" \/>\n<meta property=\"og:type\" content=\"article\" \/>\n<meta property=\"og:title\" content=\"OM -\" \/>\n<meta property=\"og:description\" content=\"St\u00eark Production \u2013 ett produktionsbolag med hj\u00e4rta St\u00eark Production producerar nyskapande och underh\u00e5llande scenkonst, film och TV. Verksamheten innefattar ocks\u00e5 bok- och manusproduktion som ofta speglar hur Sverige ser ut idag. Bolaget grundades 2004 av sk\u00e5despelerskan och producenten Nisti St\u00eark.\" \/>\n<meta property=\"og:url\" content=\"https:\/\/www.sterkproduction.com\/?page_id=2\" \/>\n<meta property=\"article:modified_time\" content=\"2023-12-06T13:54:25+00:00\" \/>\n<meta property=\"og:image\" content=\"https:\/\/www.sterkproduction.com\/wp-content\/uploads\/2023\/12\/jpg-1024x577.png\" \/>\n<meta name=\"twitter:card\" content=\"summary_large_image\" \/>\n<meta name=\"twitter:label1\" content=\"Ber\u00e4knad l\u00e4stid\" \/>\n\t<meta name=\"twitter:data1\" content=\"1 minut\" \/>\n<script type=\"application\/ld+json\" class=\"yoast-schema-graph\">{\"@context\":\"https:\/\/schema.org\",\"@graph\":[{\"@type\":\"WebPage\",\"@id\":\"https:\/\/www.sterkproduction.com\/?page_id=2\",\"url\":\"https:\/\/www.sterkproduction.com\/?page_id=2\",\"name\":\"OM -\",\"isPartOf\":{\"@id\":\"https:\/\/www.sterkproduction.com\/#website\"},\"datePublished\":\"2023-12-01T12:15:51+00:00\",\"dateModified\":\"2023-12-06T13:54:25+00:00\",\"breadcrumb\":{\"@id\":\"https:\/\/www.sterkproduction.com\/?page_id=2#breadcrumb\"},\"inLanguage\":\"sv-SE\",\"potentialAction\":[{\"@type\":\"ReadAction\",\"target\":[\"https:\/\/www.sterkproduction.com\/?page_id=2\"]}]},{\"@type\":\"BreadcrumbList\",\"@id\":\"https:\/\/www.sterkproduction.com\/?page_id=2#breadcrumb\",\"itemListElement\":[{\"@type\":\"ListItem\",\"position\":1,\"name\":\"Home\",\"item\":\"https:\/\/www.sterkproduction.com\/\"},{\"@type\":\"ListItem\",\"position\":2,\"name\":\"OM\"}]},{\"@type\":\"WebSite\",\"@id\":\"https:\/\/www.sterkproduction.com\/#website\",\"url\":\"https:\/\/www.sterkproduction.com\/\",\"name\":\"\",\"description\":\"St\u00eark production - Ett produktionsbolag med hj\u00e4rta\",\"potentialAction\":[{\"@type\":\"SearchAction\",\"target\":{\"@type\":\"EntryPoint\",\"urlTemplate\":\"https:\/\/www.sterkproduction.com\/?s={search_term_string}\"},\"query-input\":\"required name=search_term_string\"}],\"inLanguage\":\"sv-SE\"}]}<\/script>\n<!-- \/ Yoast SEO plugin. -->","yoast_head_json":{"title":"OM -","robots":{"index":"index","follow":"follow","max-snippet":"max-snippet:-1","max-image-preview":"max-image-preview:large","max-video-preview":"max-video-preview:-1"},"canonical":"https:\/\/www.sterkproduction.com\/?page_id=2","og_locale":"sv_SE","og_type":"article","og_title":"OM -","og_description":"St\u00eark Production \u2013 ett produktionsbolag med hj\u00e4rta St\u00eark Production producerar nyskapande och underh\u00e5llande scenkonst, film och TV. Verksamheten innefattar ocks\u00e5 bok- och manusproduktion som ofta speglar hur Sverige ser ut idag. Bolaget grundades 2004 av sk\u00e5despelerskan och producenten Nisti St\u00eark.","og_url":"https:\/\/www.sterkproduction.com\/?page_id=2","article_modified_time":"2023-12-06T13:54:25+00:00","og_image":[{"url":"https:\/\/www.sterkproduction.com\/wp-content\/uploads\/2023\/12\/jpg-1024x577.png"}],"twitter_card":"summary_large_image","twitter_misc":{"Ber\u00e4knad l\u00e4stid":"1 minut"},"schema":{"@context":"https:\/\/schema.org","@graph":[{"@type":"WebPage","@id":"https:\/\/www.sterkproduction.com\/?page_id=2","url":"https:\/\/www.sterkproduction.com\/?page_id=2","name":"OM -","isPartOf":{"@id":"https:\/\/www.sterkproduction.com\/#website"},"datePublished":"2023-12-01T12:15:51+00:00","dateModified":"2023-12-06T13:54:25+00:00","breadcrumb":{"@id":"https:\/\/www.sterkproduction.com\/?page_id=2#breadcrumb"},"inLanguage":"sv-SE","potentialAction":[{"@type":"ReadAction","target":["https:\/\/www.sterkproduction.com\/?page_id=2"]}]},{"@type":"BreadcrumbList","@id":"https:\/\/www.sterkproduction.com\/?page_id=2#breadcrumb","itemListElement":[{"@type":"ListItem","position":1,"name":"Home","item":"https:\/\/www.sterkproduction.com\/"},{"@type":"ListItem","position":2,"name":"OM"}]},{"@type":"WebSite","@id":"https:\/\/www.sterkproduction.com\/#website","url":"https:\/\/www.sterkproduction.com\/","name":"","description":"St\u00eark production - Ett produktionsbolag med hj\u00e4rta","potentialAction":[{"@type":"SearchAction","target":{"@type":"EntryPoint","urlTemplate":"https:\/\/www.sterkproduction.com\/?s={search_term_string}"},"query-input":"required name=search_term_string"}],"inLanguage":"sv-SE"}]}},"_links":{"self":[{"href":"https:\/\/www.sterkproduction.com\/index.php?rest_route=\/wp\/v2\/pages\/2"}],"collection":[{"href":"https:\/\/www.sterkproduction.com\/index.php?rest_route=\/wp\/v2\/pages"}],"about":[{"href":"https:\/\/www.sterkproduction.com\/index.php?rest_route=\/wp\/v2\/types\/page"}],"author":[{"embeddable":true,"href":"https:\/\/www.sterkproduction.com\/index.php?rest_route=\/wp\/v2\/users\/1"}],"replies":[{"embeddable":true,"href":"https:\/\/www.sterkproduction.com\/index.php?rest_route=%2Fwp%2Fv2%2Fcomments&post=2"}],"version-history":[{"count":5,"href":"https:\/\/www.sterkproduction.com\/index.php?rest_route=\/wp\/v2\/pages\/2\/revisions"}],"predecessor-version":[{"id":139,"href":"https:\/\/www.sterkproduction.com\/index.php?rest_route=\/wp\/v2\/pages\/2\/revisions\/139"}],"wp:attachment":[{"href":"https:\/\/www.sterkproduction.com\/index.php?rest_route=%2Fwp%2Fv2%2Fmedia&parent=2"}],"curies":[{"name":"wp","href":"https:\/\/api.w.org\/{rel}","templated":true}]}}