{"id":150,"date":"2025-09-01T11:33:00","date_gmt":"2025-09-01T09:33:00","guid":{"rendered":"https:\/\/www.sterkproduction.com\/?page_id=150"},"modified":"2025-09-01T11:33:59","modified_gmt":"2025-09-01T09:33:59","slug":"hem","status":"publish","type":"page","link":"https:\/\/www.sterkproduction.com\/","title":{"rendered":"HEM"},"content":{"rendered":"\n<figure class=\"wp-block-gallery has-nested-images columns-default is-cropped wp-block-gallery-1 is-layout-flex wp-block-gallery-is-layout-flex\">\n<figure class=\"wp-block-image size-large\"><img loading=\"lazy\" decoding=\"async\" width=\"1024\" height=\"576\" data-id=\"32\" src=\"https:\/\/www.sterkproduction.com\/wp-content\/uploads\/2023\/12\/KK_1920x1080.psd-3-1024x576.png\" alt=\"\" class=\"wp-image-32\" srcset=\"https:\/\/www.sterkproduction.com\/wp-content\/uploads\/2023\/12\/KK_1920x1080.psd-3-1024x576.png 1024w, https:\/\/www.sterkproduction.com\/wp-content\/uploads\/2023\/12\/KK_1920x1080.psd-3-300x169.png 300w, https:\/\/www.sterkproduction.com\/wp-content\/uploads\/2023\/12\/KK_1920x1080.psd-3-768x432.png 768w, https:\/\/www.sterkproduction.com\/wp-content\/uploads\/2023\/12\/KK_1920x1080.psd-3-1536x864.png 1536w, https:\/\/www.sterkproduction.com\/wp-content\/uploads\/2023\/12\/KK_1920x1080.psd-3.png 1920w\" sizes=\"(max-width: 1024px) 100vw, 1024px\" \/><\/figure>\n<\/figure>\n\n\n\n<figure class=\"wp-block-gallery has-nested-images columns-default is-cropped wp-block-gallery-2 is-layout-flex wp-block-gallery-is-layout-flex\">\n<figure class=\"wp-block-image size-large\"><img loading=\"lazy\" decoding=\"async\" width=\"1024\" height=\"576\" data-id=\"137\" src=\"https:\/\/www.sterkproduction.com\/wp-content\/uploads\/2023\/12\/f111d752-2407-4222-acbf-246d739cde1f-2-1024x576.jpg\" alt=\"FILM\" class=\"wp-image-137\" srcset=\"https:\/\/www.sterkproduction.com\/wp-content\/uploads\/2023\/12\/f111d752-2407-4222-acbf-246d739cde1f-2-1024x576.jpg 1024w, https:\/\/www.sterkproduction.com\/wp-content\/uploads\/2023\/12\/f111d752-2407-4222-acbf-246d739cde1f-2-300x169.jpg 300w, https:\/\/www.sterkproduction.com\/wp-content\/uploads\/2023\/12\/f111d752-2407-4222-acbf-246d739cde1f-2-768x432.jpg 768w, https:\/\/www.sterkproduction.com\/wp-content\/uploads\/2023\/12\/f111d752-2407-4222-acbf-246d739cde1f-2-1536x864.jpg 1536w, https:\/\/www.sterkproduction.com\/wp-content\/uploads\/2023\/12\/f111d752-2407-4222-acbf-246d739cde1f-2.jpg 1920w\" sizes=\"(max-width: 1024px) 100vw, 1024px\" \/><\/figure>\n\n\n\n<figure class=\"wp-block-image size-large\"><img loading=\"lazy\" decoding=\"async\" width=\"1024\" height=\"577\" data-id=\"78\" src=\"https:\/\/www.sterkproduction.com\/wp-content\/uploads\/2023\/12\/Namnlos-design-3-1024x577.jpg\" alt=\"Dokument\u00e4r om den afghanska sk\u00e5despelaren Hamida Abdullah, den f\u00f6rsta kvinnliga komikern i afghansk tv och om\u00e5ttligt popul\u00e4r f\u00f6r rollen som Shirin Gul. P\u00e5 90-talet tvingades hon fly n\u00e4r talibanerna intog Kabul. Nu bor Hamida Abdullah med sin papegoja i Alings\u00e5s och dr\u00f6mmer om att f\u00e5 g\u00f6ra en roll i sitt nya hemland Sverige. M\u00f6t Hamida i ett portr\u00e4tt av Nisti St\u00eark d\u00e4r Sverige och Afghanistan f\u00f6rs samman och vi p\u00e5minns om att aldrig sluta dr\u00f6mma. Svensk dokument\u00e4rfilm fr\u00e5n 2023.\" class=\"wp-image-78\" srcset=\"https:\/\/www.sterkproduction.com\/wp-content\/uploads\/2023\/12\/Namnlos-design-3-1024x577.jpg 1024w, https:\/\/www.sterkproduction.com\/wp-content\/uploads\/2023\/12\/Namnlos-design-3-300x169.jpg 300w, https:\/\/www.sterkproduction.com\/wp-content\/uploads\/2023\/12\/Namnlos-design-3-768x433.jpg 768w, https:\/\/www.sterkproduction.com\/wp-content\/uploads\/2023\/12\/Namnlos-design-3-1536x865.jpg 1536w, https:\/\/www.sterkproduction.com\/wp-content\/uploads\/2023\/12\/Namnlos-design-3.jpg 1640w\" sizes=\"(max-width: 1024px) 100vw, 1024px\" \/><\/figure>\n\n\n\n<figure class=\"wp-block-image size-large\"><img loading=\"lazy\" decoding=\"async\" width=\"1024\" height=\"577\" data-id=\"83\" src=\"https:\/\/www.sterkproduction.com\/wp-content\/uploads\/2023\/12\/2-1024x577.jpg\" alt=\"FILM\" class=\"wp-image-83\" srcset=\"https:\/\/www.sterkproduction.com\/wp-content\/uploads\/2023\/12\/2-1024x577.jpg 1024w, https:\/\/www.sterkproduction.com\/wp-content\/uploads\/2023\/12\/2-300x169.jpg 300w, https:\/\/www.sterkproduction.com\/wp-content\/uploads\/2023\/12\/2-768x433.jpg 768w, https:\/\/www.sterkproduction.com\/wp-content\/uploads\/2023\/12\/2-1536x865.jpg 1536w, https:\/\/www.sterkproduction.com\/wp-content\/uploads\/2023\/12\/2.jpg 1640w\" sizes=\"(max-width: 1024px) 100vw, 1024px\" \/><\/figure>\n<\/figure>\n\n\n\n<figure class=\"wp-block-gallery has-nested-images columns-default is-cropped wp-block-gallery-3 is-layout-flex wp-block-gallery-is-layout-flex\">\n<figure class=\"wp-block-image size-large\"><img loading=\"lazy\" decoding=\"async\" width=\"1024\" height=\"576\" data-id=\"171\" src=\"https:\/\/www.sterkproduction.com\/wp-content\/uploads\/2025\/09\/Downs-Syndrom-festival-1920x1080-2-1024x576.jpg\" alt=\"\" class=\"wp-image-171\" srcset=\"https:\/\/www.sterkproduction.com\/wp-content\/uploads\/2025\/09\/Downs-Syndrom-festival-1920x1080-2-1024x576.jpg 1024w, https:\/\/www.sterkproduction.com\/wp-content\/uploads\/2025\/09\/Downs-Syndrom-festival-1920x1080-2-300x169.jpg 300w, https:\/\/www.sterkproduction.com\/wp-content\/uploads\/2025\/09\/Downs-Syndrom-festival-1920x1080-2-768x432.jpg 768w, https:\/\/www.sterkproduction.com\/wp-content\/uploads\/2025\/09\/Downs-Syndrom-festival-1920x1080-2-1536x864.jpg 1536w, https:\/\/www.sterkproduction.com\/wp-content\/uploads\/2025\/09\/Downs-Syndrom-festival-1920x1080-2.jpg 1920w\" sizes=\"(max-width: 1024px) 100vw, 1024px\" \/><\/figure>\n\n\n\n<figure class=\"wp-block-image size-large\"><img loading=\"lazy\" decoding=\"async\" width=\"828\" height=\"315\" data-id=\"170\" src=\"https:\/\/www.sterkproduction.com\/wp-content\/uploads\/2025\/09\/508604982_3241567692684938_3761501604933687814_n.jpg\" alt=\"\" class=\"wp-image-170\" srcset=\"https:\/\/www.sterkproduction.com\/wp-content\/uploads\/2025\/09\/508604982_3241567692684938_3761501604933687814_n.jpg 828w, https:\/\/www.sterkproduction.com\/wp-content\/uploads\/2025\/09\/508604982_3241567692684938_3761501604933687814_n-300x114.jpg 300w, https:\/\/www.sterkproduction.com\/wp-content\/uploads\/2025\/09\/508604982_3241567692684938_3761501604933687814_n-768x292.jpg 768w\" sizes=\"(max-width: 828px) 100vw, 828px\" \/><\/figure>\n<\/figure>\n\n\n\n<figure class=\"wp-block-gallery has-nested-images columns-default is-cropped wp-block-gallery-4 is-layout-flex wp-block-gallery-is-layout-flex\">\n<figure class=\"wp-block-image size-large\"><img loading=\"lazy\" decoding=\"async\" width=\"576\" height=\"1024\" data-id=\"181\" src=\"https:\/\/www.sterkproduction.com\/wp-content\/uploads\/2025\/09\/489771551_9594195773960051_830121071058165758_n-1-576x1024.jpg\" alt=\"\" class=\"wp-image-181\" srcset=\"https:\/\/www.sterkproduction.com\/wp-content\/uploads\/2025\/09\/489771551_9594195773960051_830121071058165758_n-1-576x1024.jpg 576w, https:\/\/www.sterkproduction.com\/wp-content\/uploads\/2025\/09\/489771551_9594195773960051_830121071058165758_n-1-169x300.jpg 169w, https:\/\/www.sterkproduction.com\/wp-content\/uploads\/2025\/09\/489771551_9594195773960051_830121071058165758_n-1-768x1365.jpg 768w, https:\/\/www.sterkproduction.com\/wp-content\/uploads\/2025\/09\/489771551_9594195773960051_830121071058165758_n-1-864x1536.jpg 864w, https:\/\/www.sterkproduction.com\/wp-content\/uploads\/2025\/09\/489771551_9594195773960051_830121071058165758_n-1.jpg 1080w\" sizes=\"(max-width: 576px) 100vw, 576px\" \/><\/figure>\n\n\n\n<figure class=\"wp-block-image size-large\"><img loading=\"lazy\" decoding=\"async\" width=\"731\" height=\"1024\" data-id=\"180\" src=\"https:\/\/www.sterkproduction.com\/wp-content\/uploads\/2025\/09\/JP-FUNNY-FEARL-1-2-731x1024.jpg\" alt=\"\" class=\"wp-image-180\" srcset=\"https:\/\/www.sterkproduction.com\/wp-content\/uploads\/2025\/09\/JP-FUNNY-FEARL-1-2-731x1024.jpg 731w, https:\/\/www.sterkproduction.com\/wp-content\/uploads\/2025\/09\/JP-FUNNY-FEARL-1-2-214x300.jpg 214w, https:\/\/www.sterkproduction.com\/wp-content\/uploads\/2025\/09\/JP-FUNNY-FEARL-1-2-768x1075.jpg 768w, https:\/\/www.sterkproduction.com\/wp-content\/uploads\/2025\/09\/JP-FUNNY-FEARL-1-2-1097x1536.jpg 1097w, https:\/\/www.sterkproduction.com\/wp-content\/uploads\/2025\/09\/JP-FUNNY-FEARL-1-2.jpg 1417w\" sizes=\"(max-width: 731px) 100vw, 731px\" \/><\/figure>\n<\/figure>\n\n\n\n<figure class=\"wp-block-gallery has-nested-images columns-default is-cropped wp-block-gallery-5 is-layout-flex wp-block-gallery-is-layout-flex\">\n<figure class=\"wp-block-image size-large\"><img loading=\"lazy\" decoding=\"async\" width=\"1024\" height=\"631\" data-id=\"186\" src=\"https:\/\/www.sterkproduction.com\/wp-content\/uploads\/2025\/09\/Zeyno-Flyers1.pdf-1500-x-924-px-1-1024x631.jpg\" alt=\"\" class=\"wp-image-186\" srcset=\"https:\/\/www.sterkproduction.com\/wp-content\/uploads\/2025\/09\/Zeyno-Flyers1.pdf-1500-x-924-px-1-1024x631.jpg 1024w, https:\/\/www.sterkproduction.com\/wp-content\/uploads\/2025\/09\/Zeyno-Flyers1.pdf-1500-x-924-px-1-300x185.jpg 300w, https:\/\/www.sterkproduction.com\/wp-content\/uploads\/2025\/09\/Zeyno-Flyers1.pdf-1500-x-924-px-1-768x473.jpg 768w, https:\/\/www.sterkproduction.com\/wp-content\/uploads\/2025\/09\/Zeyno-Flyers1.pdf-1500-x-924-px-1-340x210.jpg 340w, https:\/\/www.sterkproduction.com\/wp-content\/uploads\/2025\/09\/Zeyno-Flyers1.pdf-1500-x-924-px-1.jpg 1500w\" sizes=\"(max-width: 1024px) 100vw, 1024px\" \/><\/figure>\n<\/figure>\n\n\n\n<figure class=\"wp-block-gallery has-nested-images columns-default is-cropped wp-block-gallery-6 is-layout-flex wp-block-gallery-is-layout-flex\">\n<figure class=\"wp-block-image size-large\"><img loading=\"lazy\" decoding=\"async\" width=\"1024\" height=\"768\" data-id=\"188\" src=\"https:\/\/www.sterkproduction.com\/wp-content\/uploads\/2025\/09\/465121761_8671418822904422_2105300943249492690_n.jpg\" alt=\"\" class=\"wp-image-188\" srcset=\"https:\/\/www.sterkproduction.com\/wp-content\/uploads\/2025\/09\/465121761_8671418822904422_2105300943249492690_n.jpg 1024w, https:\/\/www.sterkproduction.com\/wp-content\/uploads\/2025\/09\/465121761_8671418822904422_2105300943249492690_n-300x225.jpg 300w, https:\/\/www.sterkproduction.com\/wp-content\/uploads\/2025\/09\/465121761_8671418822904422_2105300943249492690_n-768x576.jpg 768w\" sizes=\"(max-width: 1024px) 100vw, 1024px\" \/><\/figure>\n<\/figure>\n","protected":false},"excerpt":{"rendered":"","protected":false},"author":1,"featured_media":0,"parent":0,"menu_order":0,"comment_status":"closed","ping_status":"closed","template":"","meta":{"_monsterinsights_skip_tracking":false,"_monsterinsights_sitenote_active":false,"_monsterinsights_sitenote_note":"","_monsterinsights_sitenote_category":0,"footnotes":""},"yoast_head":"<!-- This site is optimized with the Yoast SEO plugin v21.6 - https:\/\/yoast.com\/wordpress\/plugins\/seo\/ -->\n<title>HEM -<\/title>\n<meta name=\"robots\" content=\"index, follow, max-snippet:-1, max-image-preview:large, max-video-preview:-1\" \/>\n<link rel=\"canonical\" href=\"https:\/\/www.sterkproduction.com\/\" \/>\n<meta property=\"og:locale\" content=\"sv_SE\" \/>\n<meta property=\"og:type\" content=\"article\" \/>\n<meta property=\"og:title\" content=\"HEM -\" \/>\n<meta property=\"og:url\" content=\"https:\/\/www.sterkproduction.com\/\" \/>\n<meta property=\"article:modified_time\" content=\"2025-09-01T09:33:59+00:00\" \/>\n<meta property=\"og:image\" content=\"https:\/\/www.sterkproduction.com\/wp-content\/uploads\/2023\/12\/KK_1920x1080.psd-3-1024x576.png\" \/>\n<meta name=\"twitter:card\" content=\"summary_large_image\" \/>\n<meta name=\"twitter:label1\" content=\"Ber\u00e4knad l\u00e4stid\" \/>\n\t<meta name=\"twitter:data1\" content=\"2 minuter\" \/>\n<script type=\"application\/ld+json\" class=\"yoast-schema-graph\">{\"@context\":\"https:\/\/schema.org\",\"@graph\":[{\"@type\":\"WebPage\",\"@id\":\"https:\/\/www.sterkproduction.com\/\",\"url\":\"https:\/\/www.sterkproduction.com\/\",\"name\":\"HEM -\",\"isPartOf\":{\"@id\":\"https:\/\/www.sterkproduction.com\/#website\"},\"datePublished\":\"2025-09-01T09:33:00+00:00\",\"dateModified\":\"2025-09-01T09:33:59+00:00\",\"breadcrumb\":{\"@id\":\"https:\/\/www.sterkproduction.com\/#breadcrumb\"},\"inLanguage\":\"sv-SE\",\"potentialAction\":[{\"@type\":\"ReadAction\",\"target\":[\"https:\/\/www.sterkproduction.com\/\"]}]},{\"@type\":\"BreadcrumbList\",\"@id\":\"https:\/\/www.sterkproduction.com\/#breadcrumb\",\"itemListElement\":[{\"@type\":\"ListItem\",\"position\":1,\"name\":\"Home\",\"item\":\"https:\/\/www.sterkproduction.com\/\"},{\"@type\":\"ListItem\",\"position\":2,\"name\":\"HEM\"}]},{\"@type\":\"WebSite\",\"@id\":\"https:\/\/www.sterkproduction.com\/#website\",\"url\":\"https:\/\/www.sterkproduction.com\/\",\"name\":\"\",\"description\":\"St\u00eark production - Ett produktionsbolag med hj\u00e4rta\",\"potentialAction\":[{\"@type\":\"SearchAction\",\"target\":{\"@type\":\"EntryPoint\",\"urlTemplate\":\"https:\/\/www.sterkproduction.com\/?s={search_term_string}\"},\"query-input\":\"required name=search_term_string\"}],\"inLanguage\":\"sv-SE\"}]}<\/script>\n<!-- \/ Yoast SEO plugin. -->","yoast_head_json":{"title":"HEM -","robots":{"index":"index","follow":"follow","max-snippet":"max-snippet:-1","max-image-preview":"max-image-preview:large","max-video-preview":"max-video-preview:-1"},"canonical":"https:\/\/www.sterkproduction.com\/","og_locale":"sv_SE","og_type":"article","og_title":"HEM -","og_url":"https:\/\/www.sterkproduction.com\/","article_modified_time":"2025-09-01T09:33:59+00:00","og_image":[{"url":"https:\/\/www.sterkproduction.com\/wp-content\/uploads\/2023\/12\/KK_1920x1080.psd-3-1024x576.png"}],"twitter_card":"summary_large_image","twitter_misc":{"Ber\u00e4knad l\u00e4stid":"2 minuter"},"schema":{"@context":"https:\/\/schema.org","@graph":[{"@type":"WebPage","@id":"https:\/\/www.sterkproduction.com\/","url":"https:\/\/www.sterkproduction.com\/","name":"HEM -","isPartOf":{"@id":"https:\/\/www.sterkproduction.com\/#website"},"datePublished":"2025-09-01T09:33:00+00:00","dateModified":"2025-09-01T09:33:59+00:00","breadcrumb":{"@id":"https:\/\/www.sterkproduction.com\/#breadcrumb"},"inLanguage":"sv-SE","potentialAction":[{"@type":"ReadAction","target":["https:\/\/www.sterkproduction.com\/"]}]},{"@type":"BreadcrumbList","@id":"https:\/\/www.sterkproduction.com\/#breadcrumb","itemListElement":[{"@type":"ListItem","position":1,"name":"Home","item":"https:\/\/www.sterkproduction.com\/"},{"@type":"ListItem","position":2,"name":"HEM"}]},{"@type":"WebSite","@id":"https:\/\/www.sterkproduction.com\/#website","url":"https:\/\/www.sterkproduction.com\/","name":"","description":"St\u00eark production - Ett produktionsbolag med hj\u00e4rta","potentialAction":[{"@type":"SearchAction","target":{"@type":"EntryPoint","urlTemplate":"https:\/\/www.sterkproduction.com\/?s={search_term_string}"},"query-input":"required name=search_term_string"}],"inLanguage":"sv-SE"}]}},"_links":{"self":[{"href":"https:\/\/www.sterkproduction.com\/index.php?rest_route=\/wp\/v2\/pages\/150"}],"collection":[{"href":"https:\/\/www.sterkproduction.com\/index.php?rest_route=\/wp\/v2\/pages"}],"about":[{"href":"https:\/\/www.sterkproduction.com\/index.php?rest_route=\/wp\/v2\/types\/page"}],"author":[{"embeddable":true,"href":"https:\/\/www.sterkproduction.com\/index.php?rest_route=\/wp\/v2\/users\/1"}],"replies":[{"embeddable":true,"href":"https:\/\/www.sterkproduction.com\/index.php?rest_route=%2Fwp%2Fv2%2Fcomments&post=150"}],"version-history":[{"count":6,"href":"https:\/\/www.sterkproduction.com\/index.php?rest_route=\/wp\/v2\/pages\/150\/revisions"}],"predecessor-version":[{"id":189,"href":"https:\/\/www.sterkproduction.com\/index.php?rest_route=\/wp\/v2\/pages\/150\/revisions\/189"}],"wp:attachment":[{"href":"https:\/\/www.sterkproduction.com\/index.php?rest_route=%2Fwp%2Fv2%2Fmedia&parent=150"}],"curies":[{"name":"wp","href":"https:\/\/api.w.org\/{rel}","templated":true}]}}