{"id":120,"date":"2023-12-06T14:24:24","date_gmt":"2023-12-06T13:24:24","guid":{"rendered":"https:\/\/www.sterkproduction.com\/?page_id=120"},"modified":"2023-12-10T12:12:28","modified_gmt":"2023-12-10T11:12:28","slug":"teater","status":"publish","type":"page","link":"https:\/\/www.sterkproduction.com\/?page_id=120","title":{"rendered":"TEATER"},"content":{"rendered":"\n<figure class=\"wp-block-image size-large is-resized\"><img loading=\"lazy\" decoding=\"async\" width=\"1024\" height=\"576\" src=\"https:\/\/www.sterkproduction.com\/wp-content\/uploads\/2023\/12\/1-3-1024x576.jpg\" alt=\"\" class=\"wp-image-125\" style=\"width:1170px;height:auto\" srcset=\"https:\/\/www.sterkproduction.com\/wp-content\/uploads\/2023\/12\/1-3-1024x576.jpg 1024w, https:\/\/www.sterkproduction.com\/wp-content\/uploads\/2023\/12\/1-3-300x169.jpg 300w, https:\/\/www.sterkproduction.com\/wp-content\/uploads\/2023\/12\/1-3-768x432.jpg 768w, https:\/\/www.sterkproduction.com\/wp-content\/uploads\/2023\/12\/1-3-1536x864.jpg 1536w, https:\/\/www.sterkproduction.com\/wp-content\/uploads\/2023\/12\/1-3.jpg 1920w\" sizes=\"(max-width: 1024px) 100vw, 1024px\" \/><\/figure>\n\n\n\n<p><br><\/p>\n\n\n\n<p><strong>Blott Sverige svenska komedienner har Live!<\/strong><\/p>\n\n\n\n<p>Id\u00e9 &amp; Manus: Nisti St\u00eark<br> Regi: Hans Marklund <\/p>\n\n\n\n<p>Baserad p\u00e5 dokument\u00e4rfilmen som visades p\u00e5 SVT 2019 och s\u00e5gs av cirka 1 miljon tittare. Filmen handlade om komedienner fr\u00e5n f\u00f6rr och nu: fr\u00e5n Julia C\u00e6sar till Clara Henry, fr\u00e5n Hj\u00f6rdis Pettersson till Gina Dirawi. Efter s\u00e4ndningen 2019 har fler tittare h\u00f6rt av sig till Nisti och vill m\u00f6ta komedienner live. Teaterversionen av &#8221;Blott Sverige Svenska Komedienner Har&#8221; \u00e4r en hybrid av f\u00f6redrag, stand-up, teater och film &#8211; med s\u00f6ml\u00f6sa \u00f6verg\u00e5ngar. Upphovsmakaren till filmen, Nisti St\u00eark, \u00e4r navet, komikern, ber\u00e4ttaren och reportern i f\u00f6rest\u00e4llningen. Med denna f\u00f6rest\u00e4llning inspirerar Nisti b\u00e5de den \u00e4ldre och den yngre generationen att m\u00f6tas och skratta tillsammans samt att v\u00e5ga ta plats. L\u00e4s mer <a href=\"https:\/\/kulturhusetstadsteatern.se\/stand\/blott-sverige-svenska-komedienner-har\">h\u00e4r<\/a><\/p>\n\n\n\n<p><br><br><\/p>\n\n\n\n<p><\/p>\n\n\n\n<figure class=\"wp-block-image size-large is-resized\"><img loading=\"lazy\" decoding=\"async\" width=\"1024\" height=\"576\" src=\"https:\/\/www.sterkproduction.com\/wp-content\/uploads\/2023\/12\/4-1-1024x576.jpg\" alt=\"\" class=\"wp-image-121\" style=\"width:1170px;height:auto\" srcset=\"https:\/\/www.sterkproduction.com\/wp-content\/uploads\/2023\/12\/4-1-1024x576.jpg 1024w, https:\/\/www.sterkproduction.com\/wp-content\/uploads\/2023\/12\/4-1-300x169.jpg 300w, https:\/\/www.sterkproduction.com\/wp-content\/uploads\/2023\/12\/4-1-768x432.jpg 768w, https:\/\/www.sterkproduction.com\/wp-content\/uploads\/2023\/12\/4-1-1536x864.jpg 1536w, https:\/\/www.sterkproduction.com\/wp-content\/uploads\/2023\/12\/4-1.jpg 1920w\" sizes=\"(max-width: 1024px) 100vw, 1024px\" \/><\/figure>\n\n\n\n<p><strong>PRODUCENT OCH PRESS &#8211; NISTI ST\u00caRK<\/strong><\/p>\n\n\n\n<p>OM UPPS\u00c4TTNINGEN<br>Med allvar, humor och sj\u00e4lvironi ber\u00e4ttar sk\u00e5despelaren Sara Sommerfeld sin personliga historia. En underh\u00e5llande f\u00f6rest\u00e4llning om arv, sk\u00e5despelardr\u00f6mmar och s\u00f6kandet efter ett av Sveriges nationella minoritetsspr\u00e5k. En allm\u00e4ngiltig ber\u00e4ttelse om hur lika vi m\u00e4nniskors \u00e4r &#8211; oavsett kulturell bakgrund.<br>Sara bjuder p\u00e5 ett potpurri av roller som hon tidigare spelat: fr\u00e5n texter av Shakespeare, Moli\u00e8re och Lars Nor\u00e9n, till s\u00e5nger fr\u00e5n musikalen\u00a0<em>Grease<\/em>,\u00a0<em>Annie get your gun<\/em>\u00a0och\u00a0<em>Spelman p\u00e5 taket<\/em>.  <strong>PRODUCENT OCH PRESS &#8211; NISTI ST\u00caRK<\/strong> L\u00e4s mer om f\u00f6rest\u00e4llningen <a href=\"https:\/\/www.dramaten.se\/repertoar\/show-bizniz\">h\u00e4r<\/a><\/p>\n\n\n\n<p><\/p>\n\n\n\n<p><\/p>\n\n\n\n<h2 class=\"wp-block-heading\">Urval av teater som St\u00eark produktion producerat<\/h2>\n\n\n\n<p>2015 Var blev ni av? (Kulturhuset soppteater)<\/p>\n\n\n\n<p>2007 F\u00f6r Sverige i tiden (Maximteatern, Riksteatern)<\/p>\n\n\n\n<p>2006 Zeynos v\u00e4rld (Maximteatern, Riksteatern)<\/p>\n\n\n\n<p>2005 Zeynos v\u00e4rld (Stockholm Stadsteater)<\/p>\n\n\n\n<p><\/p>\n","protected":false},"excerpt":{"rendered":"<p>Blott Sverige svenska komedienner har Live! Id\u00e9 &amp; Manus: Nisti St\u00eark Regi: Hans Marklund Baserad p\u00e5 dokument\u00e4rfilmen som visades p\u00e5 SVT 2019 och s\u00e5gs av cirka 1 miljon tittare. Filmen handlade om komedienner fr\u00e5n f\u00f6rr och nu: fr\u00e5n Julia C\u00e6sar till Clara Henry, fr\u00e5n Hj\u00f6rdis Pettersson till Gina Dirawi. Efter s\u00e4ndningen 2019 har fler tittare [&hellip;]<\/p>\n","protected":false},"author":1,"featured_media":0,"parent":0,"menu_order":0,"comment_status":"closed","ping_status":"closed","template":"","meta":{"_monsterinsights_skip_tracking":false,"_monsterinsights_sitenote_active":false,"_monsterinsights_sitenote_note":"","_monsterinsights_sitenote_category":0,"footnotes":""},"yoast_head":"<!-- This site is optimized with the Yoast SEO plugin v21.6 - https:\/\/yoast.com\/wordpress\/plugins\/seo\/ -->\n<title>TEATER -<\/title>\n<meta name=\"robots\" content=\"index, follow, max-snippet:-1, max-image-preview:large, max-video-preview:-1\" \/>\n<link rel=\"canonical\" href=\"https:\/\/www.sterkproduction.com\/?page_id=120\" \/>\n<meta property=\"og:locale\" content=\"sv_SE\" \/>\n<meta property=\"og:type\" content=\"article\" \/>\n<meta property=\"og:title\" content=\"TEATER -\" \/>\n<meta property=\"og:description\" content=\"Blott Sverige svenska komedienner har Live! Id\u00e9 &amp; Manus: Nisti St\u00eark Regi: Hans Marklund Baserad p\u00e5 dokument\u00e4rfilmen som visades p\u00e5 SVT 2019 och s\u00e5gs av cirka 1 miljon tittare. Filmen handlade om komedienner fr\u00e5n f\u00f6rr och nu: fr\u00e5n Julia C\u00e6sar till Clara Henry, fr\u00e5n Hj\u00f6rdis Pettersson till Gina Dirawi. Efter s\u00e4ndningen 2019 har fler tittare [&hellip;]\" \/>\n<meta property=\"og:url\" content=\"https:\/\/www.sterkproduction.com\/?page_id=120\" \/>\n<meta property=\"article:modified_time\" content=\"2023-12-10T11:12:28+00:00\" \/>\n<meta property=\"og:image\" content=\"https:\/\/www.sterkproduction.com\/wp-content\/uploads\/2023\/12\/1-3-1024x576.jpg\" \/>\n<meta name=\"twitter:card\" content=\"summary_large_image\" \/>\n<meta name=\"twitter:label1\" content=\"Ber\u00e4knad l\u00e4stid\" \/>\n\t<meta name=\"twitter:data1\" content=\"2 minuter\" \/>\n<script type=\"application\/ld+json\" class=\"yoast-schema-graph\">{\"@context\":\"https:\/\/schema.org\",\"@graph\":[{\"@type\":\"WebPage\",\"@id\":\"https:\/\/www.sterkproduction.com\/?page_id=120\",\"url\":\"https:\/\/www.sterkproduction.com\/?page_id=120\",\"name\":\"TEATER -\",\"isPartOf\":{\"@id\":\"https:\/\/www.sterkproduction.com\/#website\"},\"datePublished\":\"2023-12-06T13:24:24+00:00\",\"dateModified\":\"2023-12-10T11:12:28+00:00\",\"breadcrumb\":{\"@id\":\"https:\/\/www.sterkproduction.com\/?page_id=120#breadcrumb\"},\"inLanguage\":\"sv-SE\",\"potentialAction\":[{\"@type\":\"ReadAction\",\"target\":[\"https:\/\/www.sterkproduction.com\/?page_id=120\"]}]},{\"@type\":\"BreadcrumbList\",\"@id\":\"https:\/\/www.sterkproduction.com\/?page_id=120#breadcrumb\",\"itemListElement\":[{\"@type\":\"ListItem\",\"position\":1,\"name\":\"Home\",\"item\":\"https:\/\/www.sterkproduction.com\/\"},{\"@type\":\"ListItem\",\"position\":2,\"name\":\"TEATER\"}]},{\"@type\":\"WebSite\",\"@id\":\"https:\/\/www.sterkproduction.com\/#website\",\"url\":\"https:\/\/www.sterkproduction.com\/\",\"name\":\"\",\"description\":\"St\u00eark production - Ett produktionsbolag med hj\u00e4rta\",\"potentialAction\":[{\"@type\":\"SearchAction\",\"target\":{\"@type\":\"EntryPoint\",\"urlTemplate\":\"https:\/\/www.sterkproduction.com\/?s={search_term_string}\"},\"query-input\":\"required name=search_term_string\"}],\"inLanguage\":\"sv-SE\"}]}<\/script>\n<!-- \/ Yoast SEO plugin. -->","yoast_head_json":{"title":"TEATER -","robots":{"index":"index","follow":"follow","max-snippet":"max-snippet:-1","max-image-preview":"max-image-preview:large","max-video-preview":"max-video-preview:-1"},"canonical":"https:\/\/www.sterkproduction.com\/?page_id=120","og_locale":"sv_SE","og_type":"article","og_title":"TEATER -","og_description":"Blott Sverige svenska komedienner har Live! Id\u00e9 &amp; Manus: Nisti St\u00eark Regi: Hans Marklund Baserad p\u00e5 dokument\u00e4rfilmen som visades p\u00e5 SVT 2019 och s\u00e5gs av cirka 1 miljon tittare. Filmen handlade om komedienner fr\u00e5n f\u00f6rr och nu: fr\u00e5n Julia C\u00e6sar till Clara Henry, fr\u00e5n Hj\u00f6rdis Pettersson till Gina Dirawi. Efter s\u00e4ndningen 2019 har fler tittare [&hellip;]","og_url":"https:\/\/www.sterkproduction.com\/?page_id=120","article_modified_time":"2023-12-10T11:12:28+00:00","og_image":[{"url":"https:\/\/www.sterkproduction.com\/wp-content\/uploads\/2023\/12\/1-3-1024x576.jpg"}],"twitter_card":"summary_large_image","twitter_misc":{"Ber\u00e4knad l\u00e4stid":"2 minuter"},"schema":{"@context":"https:\/\/schema.org","@graph":[{"@type":"WebPage","@id":"https:\/\/www.sterkproduction.com\/?page_id=120","url":"https:\/\/www.sterkproduction.com\/?page_id=120","name":"TEATER -","isPartOf":{"@id":"https:\/\/www.sterkproduction.com\/#website"},"datePublished":"2023-12-06T13:24:24+00:00","dateModified":"2023-12-10T11:12:28+00:00","breadcrumb":{"@id":"https:\/\/www.sterkproduction.com\/?page_id=120#breadcrumb"},"inLanguage":"sv-SE","potentialAction":[{"@type":"ReadAction","target":["https:\/\/www.sterkproduction.com\/?page_id=120"]}]},{"@type":"BreadcrumbList","@id":"https:\/\/www.sterkproduction.com\/?page_id=120#breadcrumb","itemListElement":[{"@type":"ListItem","position":1,"name":"Home","item":"https:\/\/www.sterkproduction.com\/"},{"@type":"ListItem","position":2,"name":"TEATER"}]},{"@type":"WebSite","@id":"https:\/\/www.sterkproduction.com\/#website","url":"https:\/\/www.sterkproduction.com\/","name":"","description":"St\u00eark production - Ett produktionsbolag med hj\u00e4rta","potentialAction":[{"@type":"SearchAction","target":{"@type":"EntryPoint","urlTemplate":"https:\/\/www.sterkproduction.com\/?s={search_term_string}"},"query-input":"required name=search_term_string"}],"inLanguage":"sv-SE"}]}},"_links":{"self":[{"href":"https:\/\/www.sterkproduction.com\/index.php?rest_route=\/wp\/v2\/pages\/120"}],"collection":[{"href":"https:\/\/www.sterkproduction.com\/index.php?rest_route=\/wp\/v2\/pages"}],"about":[{"href":"https:\/\/www.sterkproduction.com\/index.php?rest_route=\/wp\/v2\/types\/page"}],"author":[{"embeddable":true,"href":"https:\/\/www.sterkproduction.com\/index.php?rest_route=\/wp\/v2\/users\/1"}],"replies":[{"embeddable":true,"href":"https:\/\/www.sterkproduction.com\/index.php?rest_route=%2Fwp%2Fv2%2Fcomments&post=120"}],"version-history":[{"count":5,"href":"https:\/\/www.sterkproduction.com\/index.php?rest_route=\/wp\/v2\/pages\/120\/revisions"}],"predecessor-version":[{"id":141,"href":"https:\/\/www.sterkproduction.com\/index.php?rest_route=\/wp\/v2\/pages\/120\/revisions\/141"}],"wp:attachment":[{"href":"https:\/\/www.sterkproduction.com\/index.php?rest_route=%2Fwp%2Fv2%2Fmedia&parent=120"}],"curies":[{"name":"wp","href":"https:\/\/api.w.org\/{rel}","templated":true}]}}